{"id":118,"date":"2014-07-31T16:08:24","date_gmt":"2014-07-31T21:08:24","guid":{"rendered":"http:\/\/themes.apex-test.dev\/?page_id=118"},"modified":"2024-01-08T10:31:56","modified_gmt":"2024-01-08T09:31:56","slug":"kontakt","status":"publish","type":"page","link":"https:\/\/dev.old.kurtfreyag.homepage.rs\/?page_id=118","title":{"rendered":"Kontakt"},"content":{"rendered":"<p>[vc_row full_width=&#187;stretch_row&#187; css=&#187;.vc_custom_1496579179870{background-color: #362a81 !important;}&#187;][vc_column][vc_custom_heading source=&#187;post_title&#187; font_container=&#187;tag:h1|font_size:50|text_align:center|color:%23ffffff&#187; google_fonts=&#187;font_family:Lato%3A100%2C100italic%2C300%2C300italic%2Cregular%2Citalic%2C700%2C700italic%2C900%2C900italic|font_style:400%20regular%3A400%3Anormal&#187; css=&#187;.vc_custom_1493110969520{padding-top: 50px !important;padding-bottom: 50px !important;}&#187;][\/vc_column][\/vc_row][vc_row][vc_column][vc_empty_space][\/vc_column][\/vc_row][vc_row][vc_column width=&#187;2\/3&#8243;][vc_column_text]<\/p>\n<table border=\"0\" width=\"400\" cellspacing=\"0\" cellpadding=\"0\">\n<tbody>\n<tr>\n<td><strong>Unsere \u00d6ffnungszeiten<\/strong><\/td>\n<td><\/td>\n<\/tr>\n<tr>\n<td>Montag<\/td>\n<td>7.15 &#8211; 12.00 und 13.15 &#8211; 17.00<\/td>\n<\/tr>\n<tr>\n<td>Dienstag &#8211; Donnerstag<\/p>\n<p>Freitag<\/td>\n<td>7.00 &#8211; 12.00 und 13.15 &#8211; 17.00<\/p>\n<p>7.00 &#8211; 12.00 und 13.15 &#8211; 16.00<\/td>\n<\/tr>\n<\/tbody>\n<\/table>\n<p>W\u00e4hrend des Tages oder bei Notf\u00e4llen auch ausserhalb der \u00d6ffnungszeiten unter <span class=\"telefon\">062 839 90 60 <\/span><\/p>\n<p>[\/vc_column_text][\/vc_column][vc_column width=&#187;1\/3&#8243;][vc_widget_sidebar sidebar_id=&#187;contact-page&#187;][\/vc_column][\/vc_row][vc_row][vc_column][vc_gmaps link=&#187;#E-8_JTNDaWZyYW1lJTIwc3JjJTNEJTIyaHR0cHMlM0ElMkYlMkZ3d3cuZ29vZ2xlLmNvbSUyRm1hcHMlMkZlbWJlZCUzRnBiJTNEJTIxMW0xOCUyMTFtMTIlMjExbTMlMjExZDI2OTkuODQ5NTg0ODUzODc2JTIxMmQ4LjA1MTAwNDMxNTYyMzg2NCUyMTNkNDcuNDE0ODc0OTc5MTcyMzc0JTIxMm0zJTIxMWYwJTIxMmYwJTIxM2YwJTIxM20yJTIxMWkxMDI0JTIxMmk3NjglMjE0ZjEzLjElMjEzbTMlMjExbTIlMjExczB4NDc5MDM5NDQ2Nzc0YmI3YiUyNTNBMHgyNTBhNTFiMDE2ZWM4OGYwJTIxMnNSb3NlbmJlcmdzdHJhc3NlJTJCMTUlMjUyQyUyQjUwMjQlMkJLJTI1QzMlMjVCQ3R0aWdlbiUyNTJDJTJCU3dpdHplcmxhbmQlMjE1ZTAlMjEzbTIlMjExc2VuJTIxMnN0biUyMTR2MTQ5MzExMjg5NDg0MSUyMiUyMCUyMGZyYW1lYm9yZGVyJTNEJTIyMCUyMiUyMHN0eWxlJTNEJTIyYm9yZGVyJTNBMCUyMiUyMGFsbG93ZnVsbHNjcmVlbiUzRSUzQyUyRmlmcmFtZSUzRQ==&#187; size=&#187;&#187;][\/vc_column][\/vc_row]<\/p>\n","protected":false},"excerpt":{"rendered":"<p>[vc_row full_width=&#187;stretch_row&#187; css=&#187;.vc_custom_1496579179870{background-color: #362a81 !important;}&#187;][vc_column][vc_custom_heading source=&#187;post_title&#187; font_container=&#187;tag:h1|font_size:50|text_align:center|color:%23ffffff&#187; google_fonts=&#187;font_family:Lato%3A100%2C100italic%2C300%2C300italic%2Cregular%2Citalic%2C700%2C700italic%2C900%2C900italic|font_style:400%20regular%3A400%3Anormal&#187; css=&#187;.vc_custom_1493110969520{padding-top: 50px !important;padding-bottom: 50px !important;}&#187;][\/vc_column][\/vc_row][vc_row][vc_column][vc_empty_space][\/vc_column][\/vc_row][vc_row][vc_column width=&#187;2\/3&#8243;][vc_column_text] Unsere \u00d6ffnungszeiten Montag 7.15 &#8211; 12.00 und 13.15 &#8211; 17.00 Dienstag &#8211; Donnerstag Freitag 7.00 &#8211; 12.00 und 13.15 &#8211; 17.00 7.00 &#8211; 12.00 und 13.15 &#8211; 16.00 W\u00e4hrend des Tages oder bei Notf\u00e4llen auch ausserhalb der \u00d6ffnungszeiten unter 062 839&hellip; <a class=\"more-link\" href=\"https:\/\/dev.old.kurtfreyag.homepage.rs\/?page_id=118\">Continue reading <span class=\"screen-reader-text\">Kontakt<\/span><\/a><\/p>\n","protected":false},"author":1,"featured_media":0,"parent":0,"menu_order":24,"comment_status":"closed","ping_status":"closed","template":"","meta":{"footnotes":""},"class_list":["post-118","page","type-page","status-publish","hentry","entry"],"_links":{"self":[{"href":"https:\/\/dev.old.kurtfreyag.homepage.rs\/index.php?rest_route=\/wp\/v2\/pages\/118","targetHints":{"allow":["GET"]}}],"collection":[{"href":"https:\/\/dev.old.kurtfreyag.homepage.rs\/index.php?rest_route=\/wp\/v2\/pages"}],"about":[{"href":"https:\/\/dev.old.kurtfreyag.homepage.rs\/index.php?rest_route=\/wp\/v2\/types\/page"}],"author":[{"embeddable":true,"href":"https:\/\/dev.old.kurtfreyag.homepage.rs\/index.php?rest_route=\/wp\/v2\/users\/1"}],"replies":[{"embeddable":true,"href":"https:\/\/dev.old.kurtfreyag.homepage.rs\/index.php?rest_route=%2Fwp%2Fv2%2Fcomments&post=118"}],"version-history":[{"count":17,"href":"https:\/\/dev.old.kurtfreyag.homepage.rs\/index.php?rest_route=\/wp\/v2\/pages\/118\/revisions"}],"predecessor-version":[{"id":1606,"href":"https:\/\/dev.old.kurtfreyag.homepage.rs\/index.php?rest_route=\/wp\/v2\/pages\/118\/revisions\/1606"}],"wp:attachment":[{"href":"https:\/\/dev.old.kurtfreyag.homepage.rs\/index.php?rest_route=%2Fwp%2Fv2%2Fmedia&parent=118"}],"curies":[{"name":"wp","href":"https:\/\/api.w.org\/{rel}","templated":true}]}}