{"id":129,"date":"2014-07-31T16:26:31","date_gmt":"2014-07-31T21:26:31","guid":{"rendered":"http:\/\/themes.apex-test.dev\/?page_id=129"},"modified":"2024-03-04T10:05:35","modified_gmt":"2024-03-04T09:05:35","slug":"services","status":"publish","type":"page","link":"https:\/\/dev.old.kurtfreyag.homepage.rs\/?page_id=129","title":{"rendered":"Dienstleistungen"},"content":{"rendered":"<p>[vc_row full_width=&#187;stretch_row&#187; css=&#187;.vc_custom_1496579220900{background-color: #362a81 !important;}&#187;][vc_column][vc_custom_heading source=&#187;post_title&#187; font_container=&#187;tag:h1|font_size:50|text_align:center|color:%23ffffff&#187; google_fonts=&#187;font_family:Lato%3A100%2C100italic%2C300%2C300italic%2Cregular%2Citalic%2C700%2C700italic%2C900%2C900italic|font_style:400%20regular%3A400%3Anormal&#187; css=&#187;.vc_custom_1493110969520{padding-top: 50px !important;padding-bottom: 50px !important;}&#187;][\/vc_column][\/vc_row][vc_row 0=&#187;&#187;][vc_column][vc_empty_space 0=&#187;&#187;][\/vc_column][\/vc_row][vc_row 0=&#187;&#187;][vc_column][vc_column_text 0=&#187;&#187;]<div class=\"mtphr-shortcodes-row\"><div class=\"mtphr-shortcodes-grid4\">\n<p style=\"text-align: center;\"><span class=\"metaphor-icon  metaphor-icon-linked\"><a class=\"metaphor-icon-link mtphr-clearfix\" href=\"http:\/\/kurtfreyag.ch\/angebot\/sanitaer\/\" target=\"_self\"><i class=\"mtphr-shortcodes-ico mtphr-shortcodes-ico-paint-brush\"><\/i><span class=\"metaphor-icon-title\">Sanit\u00e4r<\/span><\/a><\/span><\/p>\n<p style=\"text-align: left;\">Unsere anspruchsvolle Aufgabe besteht darin, das kostbarste Grundnahrungsmittel \u00fcberhaupt &#8211; Wasser &#8211; in gen\u00fcgender Menge, der gew\u00fcnschten Qualit\u00e4t und ohne Verluste zum Verbraucher zu leiten.<br \/>Unser T\u00e4tigkeitsfeld umfasst Beratung, Planung, Lieferung und Montage.<\/p>\n<\/div><div class=\"mtphr-shortcodes-grid4\">\n<p><span class=\"metaphor-icon  metaphor-icon-linked\"><a class=\"metaphor-icon-link mtphr-clearfix\" href=\"http:\/\/kurtfreyag.ch\/angebot\/heizung\/\" target=\"_self\"><i class=\"mtphr-shortcodes-ico mtphr-shortcodes-ico-zoom\"><\/i><span class=\"metaphor-icon-title\">Heizung<\/span><\/a><\/span><\/p>\n<p style=\"text-align: left;\">Ihr pers\u00f6nliches Wohlbefinden in einem Raum h\u00e4ngt von zahlreichen Einflussfaktoren ab. Einer der wichtigsten ist das Raumklima. Dieses\u00a0 wird durch die Faktoren Lufttemperatur, Feuchtigkeit, Luftbewegung, Temperaturen von Fenstern, B\u00f6den, W\u00e4nden und Decken beeinflusst. Unsere Aufgabe besteht darin, die richtigen Rahmenbedingungen zu schaffen, damit die von Ihnen gew\u00fcnschte Raumtemperatur zu jeder Tages- und Nachtzeit eingehalten werden kann.<\/p>\n<\/div><div class=\"mtphr-shortcodes-grid4\">\n<p><span class=\"metaphor-icon  metaphor-icon-linked\"><a class=\"metaphor-icon-link mtphr-clearfix\" href=\"https:\/\/dev.old.kurtfreyag.homepage.rs\/\/angebot\/phototovoltaik\/\" target=\"_self\"><i class=\"mtphr-shortcodes-ico mtphr-shortcodes-ico-paint-brush\"><\/i><span class=\"metaphor-icon-title\">Photovoltaik<\/span><\/a><\/span><\/p>\n<p style=\"text-align: left;\">Was Solarenergie ist &#8211; einfach erkl\u00e4rt<\/p>\n<p>Solarenergie entsteht im Inneren der Sonne. Sie gelangt in Form von W\u00e4rme und Licht (als Sonnenstrahlen) zur Erde. Hier nutzen wir diese Sonnenstrahlen und wandeln sie mithilfe verschiedener Solartechniken wie Photovoltaik in Strom und W\u00e4rme um.<\/p>\n<p style=\"text-align: left;\"><\/div><\/div><div class=\"mtphr-shortcodes-grid4\">\n<p>[\/vc_column][\/vc_row][vc_row 0=&#187;&#187;][vc_column][vc_empty_space 0=&#187;&#187;][\/vc_column][\/vc_row][vc_row 0=&#187;&#187;][vc_column][vc_column_text 0=&#187;&#187;]<\/p>\n<div class=\"mtphr-shortcodes-row\">\n<div class=\"mtphr-shortcodes-grid4\"><\/div>\n<p style=\"text-align: center;\"><span class=\"metaphor-icon  metaphor-icon-linked\"><a class=\"metaphor-icon-link mtphr-clearfix\" href=\"http:\/\/kurtfreyag.ch\/angebot\/haushaltsgeraete\/\" target=\"_self\"><i class=\"mtphr-shortcodes-ico mtphr-shortcodes-ico-paint-brush\"><\/i><span class=\"metaphor-icon-title\">Haushaltsger\u00e4te<\/span><\/a><\/span><\/p>\n<p style=\"text-align: left;\">Ob K\u00fcche oder Waschk\u00fcche, wir beraten, liefern und montieren effiziente und energiesparende Haushaltsger\u00e4te.<br \/>In unserer Ausstellung zeigen wir Ihnen die Vorz\u00fcge von Geschirrsp\u00fclern, Waschautomaten und W\u00e4schetrocknern.<br \/>Auch f\u00fcr Ger\u00e4te wie Steamer, Back\u00f6fen, Mikrowellen, K\u00fchlschr\u00e4nke, Gefriertruhen oder Gefrierschr\u00e4nke sind wir der Profi an Ihrer Seite.<\/p>\n<\/div><div class=\"mtphr-shortcodes-grid4\">\n<p><span class=\"metaphor-icon  metaphor-icon-linked\"><a class=\"metaphor-icon-link mtphr-clearfix\" href=\"http:\/\/kurtfreyag.ch\/angebot\/planung\/\" target=\"_self\"><i class=\"mtphr-shortcodes-ico mtphr-shortcodes-ico-zoom\"><\/i><span class=\"metaphor-icon-title\">Planung<\/span><\/a><\/span><\/p>\n<p style=\"text-align: left;\">Die immer komplexer werdende Haustechnik stellt hohe Anforderungen an Planer und Installateure. Eine Haustechnikanlage kann nur erstellt und wirtschaftlich betrieben werden, wenn alle Komponenten seri\u00f6s geplant, dimensioniert und aufeinander abgestimmt sind.<br \/>Unsere Kernkompetenz liegt in der Planung von Sanit\u00e4r-, Heizungs- und Wohnungsl\u00fcftungsanlagen.<\/p>\n<\/div><div class=\"mtphr-shortcodes-grid4\">\n<p><span class=\"metaphor-icon  metaphor-icon-linked\"><a class=\"metaphor-icon-link mtphr-clearfix\" href=\"http:\/\/kurtfreyag.ch\/angebot\/werkleitungen\/\" target=\"_self\"><i class=\"mtphr-shortcodes-ico mtphr-shortcodes-ico-paint-brush\"><\/i><span class=\"metaphor-icon-title\">Werkleitungen<\/span><\/a><\/span><\/p>\n<p style=\"text-align: left;\">Werkleitungen geh\u00f6ren \u2013 obwohl meistens unsichtbar \u2013 zu den wichtigsten Infrastrukturanlagen der Gemeinden und erm\u00f6glichen zentrale Versorgungsaufgaben.<br \/>Wir erschliessen Liegenschaften mit dem kostbarsten Grundnahrungsmittel, dem Wasser, und zwar nicht nur im Geb\u00e4ude, sondern auch ausserhalb.<br \/>Als von der Gemeinde K\u00fcttigen konzessionierte Installationsfirma erstellen und ersetzen wir Netzleitungen &#8211; ab Reservoir bis zu Ihrer Liegenschaft.<br \/>Wir bringen Trinkwasser in Ihr Haus.<\/p>\n<p style=\"text-align: left;\"><\/div><\/div><div class=\"mtphr-shortcodes-grid4\">\n<p>[\/vc_column][\/vc_row][vc_row 0=&#187;&#187;][vc_column][vc_empty_space 0=&#187;&#187;][\/vc_column][\/vc_row][vc_row 0=&#187;&#187;][vc_column][vc_column_text 0=&#187;&#187;]<\/p>\n<div class=\"mtphr-shortcodes-row\">\n<div class=\"mtphr-shortcodes-grid4\"><\/div>\n<p style=\"text-align: center;\"><span class=\"metaphor-icon  metaphor-icon-linked\"><a class=\"metaphor-icon-link mtphr-clearfix\" href=\"https:\/\/dev.old.kurtfreyag.homepage.rs\/\/angebot\/alternative-systeme\/\" target=\"_self\"><i class=\"mtphr-shortcodes-ico mtphr-shortcodes-ico-paint-brush\"><\/i><span class=\"metaphor-icon-title\">Alternative Systeme<\/span><\/a><\/span><\/p>\n<p style=\"text-align: left;\">Die immer komplexer werdende Haustechnik stellt hohe Anforderungen an Planer und Installateure. Eine Haustechnikanlage kann nur erstellt und wirtschaftlich betrieben werden, wenn alle Komponenten seri\u00f6s geplant, dimensioniert und aufeinander abgestimmt sind.<br \/>Unsere Kernkompetenz liegt in der Planung von Sanit\u00e4r-, Heizungs- und Wohnungsl\u00fcftungsanlagen.<\/p>\n<\/div><div class=\"mtphr-shortcodes-grid4\">\n<p style=\"text-align: left;\">\u00a0<\/p>\n<p style=\"text-align: left;\"><\/div><div class=\"mtphr-shortcodes-grid4\"><\/div>\n\n\n<div class=\"mtphr-shortcodes-grid4\"><\/div>\n","protected":false},"excerpt":{"rendered":"<p>[vc_row full_width=&#187;stretch_row&#187; css=&#187;.vc_custom_1496579220900{background-color: #362a81 !important;}&#187;][vc_column][vc_custom_heading source=&#187;post_title&#187; font_container=&#187;tag:h1|font_size:50|text_align:center|color:%23ffffff&#187; google_fonts=&#187;font_family:Lato%3A100%2C100italic%2C300%2C300italic%2Cregular%2Citalic%2C700%2C700italic%2C900%2C900italic|font_style:400%20regular%3A400%3Anormal&#187; css=&#187;.vc_custom_1493110969520{padding-top: 50px !important;padding-bottom: 50px !important;}&#187;][\/vc_column][\/vc_row][vc_row 0=&#187;&#187;][vc_column][vc_empty_space 0=&#187;&#187;][\/vc_column][\/vc_row][vc_row 0=&#187;&#187;][vc_column][vc_column_text 0=&#187;&#187;]<\/p>\n","protected":false},"author":1,"featured_media":0,"parent":0,"menu_order":24,"comment_status":"closed","ping_status":"closed","template":"","meta":{"footnotes":""},"class_list":["post-129","page","type-page","status-publish","hentry","entry"],"_links":{"self":[{"href":"https:\/\/dev.old.kurtfreyag.homepage.rs\/index.php?rest_route=\/wp\/v2\/pages\/129","targetHints":{"allow":["GET"]}}],"collection":[{"href":"https:\/\/dev.old.kurtfreyag.homepage.rs\/index.php?rest_route=\/wp\/v2\/pages"}],"about":[{"href":"https:\/\/dev.old.kurtfreyag.homepage.rs\/index.php?rest_route=\/wp\/v2\/types\/page"}],"author":[{"embeddable":true,"href":"https:\/\/dev.old.kurtfreyag.homepage.rs\/index.php?rest_route=\/wp\/v2\/users\/1"}],"replies":[{"embeddable":true,"href":"https:\/\/dev.old.kurtfreyag.homepage.rs\/index.php?rest_route=%2Fwp%2Fv2%2Fcomments&post=129"}],"version-history":[{"count":187,"href":"https:\/\/dev.old.kurtfreyag.homepage.rs\/index.php?rest_route=\/wp\/v2\/pages\/129\/revisions"}],"predecessor-version":[{"id":1867,"href":"https:\/\/dev.old.kurtfreyag.homepage.rs\/index.php?rest_route=\/wp\/v2\/pages\/129\/revisions\/1867"}],"wp:attachment":[{"href":"https:\/\/dev.old.kurtfreyag.homepage.rs\/index.php?rest_route=%2Fwp%2Fv2%2Fmedia&parent=129"}],"curies":[{"name":"wp","href":"https:\/\/api.w.org\/{rel}","templated":true}]}}