{"id":614,"date":"2017-04-25T13:18:40","date_gmt":"2017-04-25T11:18:40","guid":{"rendered":"http:\/\/kurtfrey.barberry.ch\/?page_id=614"},"modified":"2025-07-29T14:40:42","modified_gmt":"2025-07-29T12:40:42","slug":"jobs","status":"publish","type":"page","link":"https:\/\/dev.old.kurtfreyag.homepage.rs\/?page_id=614","title":{"rendered":"Jobs"},"content":{"rendered":"<p>[vc_row full_width=&#187;stretch_row&#187; css=&#187;.vc_custom_1496579249600{background-color: #362a81 !important;}&#187;][vc_column][vc_custom_heading source=&#187;post_title&#187; font_container=&#187;tag:h1|font_size:50|text_align:center|color:%23ffffff&#187; google_fonts=&#187;font_family:Lato%3A100%2C100italic%2C300%2C300italic%2Cregular%2Citalic%2C700%2C700italic%2C900%2C900italic|font_style:400%20regular%3A400%3Anormal&#187; css=&#187;.vc_custom_1493110969520{padding-top: 50px !important;padding-bottom: 50px !important;}&#187;][\/vc_column][\/vc_row][vc_row][vc_column][vc_empty_space][\/vc_column][\/vc_row][vc_row][vc_column][vc_column_text][tabby title=&#187;Lehrstellen 2026&#8243;]<\/p>\n<p><strong>Sanit\u00e4rinstallateur\/in EFZ<\/strong><\/p>\n<p><strong>Heizungsinstallateur\/in EFZ <\/strong><\/p>\n<p><strong>Geb\u00e4udetechnikplaner Heizung\/in EFZ besetzt<\/strong><\/p>\n<p><strong>Voraussetzung:<\/strong><\/p>\n<ul>\n<li>Abgeschlossene Volksschule<\/li>\n<li>handwerkliches Geschick<\/li>\n<li>praktisches Verst\u00e4ndnis<\/li>\n<li>technisches Verst\u00e4ndnis<\/li>\n<li>r\u00e4umliches Vorstellungsverm\u00f6gen<\/li>\n<li>robuste Gesundheit<\/li>\n<li>Teamf\u00e4higkeit<\/li>\n<\/ul>\n<p><strong>Bewerbungsadresse:<\/strong> Kurt Frey AG, Rosenbergstrasse 15, 5024 K\u00fcttigen &#8211; Tel: 062 839 90 60<br \/>\n[tabby title=&#187;Sanit\u00e4r&#187;]<\/p>\n<p><strong>Zur Zeit ist unser Team vollst\u00e4ndig.<\/strong><\/p>\n<p>Spontanbewerbungen sind jederzeit willkommen<\/p>\n<p>Sanit\u00e4rinstallateur\/in EFZ<\/p>\n<p><strong>Deine T\u00e4tigkeiten:<\/strong><br \/>\n&#8211; Installationen von Anlagen im Neu-\/Umbau Bereich<br \/>\n&#8211; Service-\/Reparaturarbeiten<br \/>\n&#8211; Beratung unserer Kundschaft vor Ort<br \/>\n&#8211; Vorfabrikation und Einlegearbeiten<\/p>\n<p><strong>Du bringst mit:<\/strong><br \/>\n&#8211; abgeschlossene Ausbildung zum\/zur Sanit\u00e4rinstallateur\/-in oder Heizungsinstallateur\/-in<br \/>\n&#8211; F\u00fchrerausweis Kat. B<br \/>\n&#8211; einige Jahre Praxiserfahrung auf Neu- und Umbauten, Sanierungen<br \/>\n&#8211; Teamplayer mit selbstst\u00e4ndiger Arbeitsweise<\/p>\n<p><strong>Es gibt viele gute Gr\u00fcnde f\u00fcr uns t\u00e4tig zu sein:<\/strong><br \/>\n&#8211; selbstst\u00e4ndige, interessante und verantwortungsvolle Aufgaben<br \/>\n&#8211; positives Arbeitsklima und hoher Teamspirit<br \/>\n&#8211; attraktive Anstellungsbedingungen<\/p>\n<p>Detaillierte Infos und weitere Vorteile f\u00fcr dich, erz\u00e4hlen wir dir gerne bei einem pers\u00f6nlichen Gespr\u00e4ch. Werde Teil unseres Erfolgs und entfalte dich in unserem famili\u00e4ren Umfeld. Wir freuen uns auf Deine Kontaktaufnahme.<\/p>\n<p><strong>Bewerbungsadresse:<\/strong>\u00a0Kurt Frey AG, Rosenbergstrasse 15, 5024 K\u00fcttigen &#8211; Tel: 062 839 90 60<br \/>\n[tabby title=&#187;Heizung&#187;]<\/p>\n<p><strong>Zur Zeit ist unser Team vollst\u00e4ndig.<\/strong><\/p>\n<p>Spontanbewerbungen sind jederzeit willkommen<\/p>\n<p>Heizungsinstallateur\/in EFZ<\/p>\n<p><strong>Deine T\u00e4tigkeiten:<\/strong><br \/>\n&#8211; Installationen von Anlagen im Neu-\/Umbau Bereich<br \/>\n&#8211; Service-\/Reparaturarbeiten<br \/>\n&#8211; Beratung unserer Kundschaft vor Ort<br \/>\n&#8211; Vorfabrikation und Einlegearbeiten<\/p>\n<p><strong>Du bringst mit:<\/strong><br \/>\n&#8211; abgeschlossene Ausbildung zum\/zur Sanit\u00e4rinstallateur\/-in oder Heizungsinstallateur\/-in<br \/>\n&#8211; F\u00fchrerausweis Kat. B<br \/>\n&#8211; einige Jahre Praxiserfahrung auf Neu- und Umbauten, Sanierungen<br \/>\n&#8211; Teamplayer mit selbstst\u00e4ndiger Arbeitsweise<\/p>\n<p><strong>Es gibt viele gute Gr\u00fcnde f\u00fcr uns t\u00e4tig zu sein:<\/strong><br \/>\n&#8211; selbstst\u00e4ndige, interessante und verantwortungsvolle Aufgaben<br \/>\n&#8211; positives Arbeitsklima und hoher Teamspirit<br \/>\n&#8211; attraktive Anstellungsbedingungen<\/p>\n<p>Detaillierte Infos und weitere Vorteile f\u00fcr dich, erz\u00e4hlen wir dir gerne bei einem pers\u00f6nlichen Gespr\u00e4ch. Werde Teil unseres Erfolgs und entfalte dich in unserem famili\u00e4ren Umfeld. Wir freuen uns auf Deine Kontaktaufnahme.<\/p>\n<p><strong>Bewerbungsadresse:<\/strong> Kurt Frey AG, Rosenbergstrasse 15, 5024 K\u00fcttigen &#8211; Tel: 062 839 90 60<\/p>\n<p>[tabby title=&#187;Photovoltaik&#187;]<\/p>\n<p><strong>Zur Zeit ist unser Team vollst\u00e4ndig.<\/strong><\/p>\n<p>Spontanbewerbungen sind jederzeit willkommen<\/p>\n<p>Solarmonteure (w\/m\/d)<\/p>\n<p><strong>Deine T\u00e4tigkeiten:<\/strong><br \/>\nAls Solarmonteur f\u00fchrst du die Installation, Inbetriebnahme und Wartung von Photovoltaikanlagen durch. Der Grossteil deiner Arbeit findet in der H\u00f6he auf Flach- oder Steild\u00e4chern statt. Du f\u00fchrst diese Arbeiten selbst\u00e4ndig oder im Team aus und setzt bei deiner t\u00e4glichen Arbeit verschiedene Werkzeuge effizient ein. Du arbeitest im Grossraum Aarau.<\/p>\n<p><strong>Dein Profil:<\/strong><\/p>\n<ul>\n<li>Berufserfahrung oder grosses Interesse im Bereich Photovoltaik<\/li>\n<li>Bereitschaft f\u00fcr die Weiterbildung zum Solateur\/Solarmonteur<\/li>\n<li>teamf\u00e4hige, selbst\u00e4ndige und zuverl\u00e4ssige Pers\u00f6nlichkeit mit hoher Flexibilit\u00e4t<\/li>\n<li>stilsicheres Deutsch in Wort und Schrift<\/li>\n<li>F\u00fchrerschein der Kategorie B<\/li>\n<\/ul>\n<p><strong>Kurt Frey AG Photovoltaik bietet:<\/strong><\/p>\n<ul>\n<li>Grossz\u00fcgige Sozialleistungen<\/li>\n<li>Faires Lohnsystem<\/li>\n<li>attraktive Anstellungsbedingungen<\/li>\n<\/ul>\n<p>Detaillierte Infos und weitere Vorteile f\u00fcr dich, erz\u00e4hlen wir dir gerne bei einem pers\u00f6nlichen Gespr\u00e4ch. Werde Teil unseres Erfolgs und entfalte dich in unserem famili\u00e4ren Umfeld. Wir freuen uns auf Deine Kontaktaufnahme.<\/p>\n<p><strong>Bewerbungsadresse:<\/strong> Kurt Frey AG Photovoltaik, Rosenbergstrasse 15, 5024 K\u00fcttigen &#8211; Tel: 062 839 90 60<\/p>\n<p>[tabbyending][\/vc_column_text][\/vc_column][\/vc_row]<\/p>\n","protected":false},"excerpt":{"rendered":"<p>[vc_row full_width=&#187;stretch_row&#187; css=&#187;.vc_custom_1496579249600{background-color: #362a81 !important;}&#187;][vc_column][vc_custom_heading source=&#187;post_title&#187; font_container=&#187;tag:h1|font_size:50|text_align:center|color:%23ffffff&#187; google_fonts=&#187;font_family:Lato%3A100%2C100italic%2C300%2C300italic%2Cregular%2Citalic%2C700%2C700italic%2C900%2C900italic|font_style:400%20regular%3A400%3Anormal&#187; css=&#187;.vc_custom_1493110969520{padding-top: 50px !important;padding-bottom: 50px !important;}&#187;][\/vc_column][\/vc_row][vc_row][vc_column][vc_empty_space][\/vc_column][\/vc_row][vc_row][vc_column][vc_column_text][tabby title=&#187;Lehrstellen 2026&#8243;] Sanit\u00e4rinstallateur\/in EFZ Heizungsinstallateur\/in EFZ Geb\u00e4udetechnikplaner Heizung\/in EFZ besetzt Voraussetzung: Abgeschlossene Volksschule handwerkliches Geschick praktisches Verst\u00e4ndnis technisches Verst\u00e4ndnis r\u00e4umliches Vorstellungsverm\u00f6gen robuste Gesundheit Teamf\u00e4higkeit Bewerbungsadresse: Kurt Frey AG, Rosenbergstrasse 15, 5024 K\u00fcttigen &#8211; Tel: 062 839 90 60 [tabby title=&#187;Sanit\u00e4r&#187;] Zur Zeit&hellip; <a class=\"more-link\" href=\"https:\/\/dev.old.kurtfreyag.homepage.rs\/?page_id=614\">Continue reading <span class=\"screen-reader-text\">Jobs<\/span><\/a><\/p>\n","protected":false},"author":1,"featured_media":0,"parent":0,"menu_order":0,"comment_status":"closed","ping_status":"closed","template":"","meta":{"footnotes":""},"class_list":["post-614","page","type-page","status-publish","hentry","entry"],"_links":{"self":[{"href":"https:\/\/dev.old.kurtfreyag.homepage.rs\/index.php?rest_route=\/wp\/v2\/pages\/614","targetHints":{"allow":["GET"]}}],"collection":[{"href":"https:\/\/dev.old.kurtfreyag.homepage.rs\/index.php?rest_route=\/wp\/v2\/pages"}],"about":[{"href":"https:\/\/dev.old.kurtfreyag.homepage.rs\/index.php?rest_route=\/wp\/v2\/types\/page"}],"author":[{"embeddable":true,"href":"https:\/\/dev.old.kurtfreyag.homepage.rs\/index.php?rest_route=\/wp\/v2\/users\/1"}],"replies":[{"embeddable":true,"href":"https:\/\/dev.old.kurtfreyag.homepage.rs\/index.php?rest_route=%2Fwp%2Fv2%2Fcomments&post=614"}],"version-history":[{"count":40,"href":"https:\/\/dev.old.kurtfreyag.homepage.rs\/index.php?rest_route=\/wp\/v2\/pages\/614\/revisions"}],"predecessor-version":[{"id":2090,"href":"https:\/\/dev.old.kurtfreyag.homepage.rs\/index.php?rest_route=\/wp\/v2\/pages\/614\/revisions\/2090"}],"wp:attachment":[{"href":"https:\/\/dev.old.kurtfreyag.homepage.rs\/index.php?rest_route=%2Fwp%2Fv2%2Fmedia&parent=614"}],"curies":[{"name":"wp","href":"https:\/\/api.w.org\/{rel}","templated":true}]}}